{"id":6429,"date":"2025-06-18T07:11:33","date_gmt":"2025-06-18T07:11:33","guid":{"rendered":"https:\/\/exquando.comingsoon.site\/methodologie\/"},"modified":"2025-07-17T12:26:09","modified_gmt":"2025-07-17T12:26:09","slug":"methodologieen","status":"publish","type":"page","link":"https:\/\/www.exquando.be\/nl\/methodologieen\/","title":{"rendered":"Onze methodologie\u00ebn"},"content":{"rendered":"<p>[et_pb_section fb_built=&#8221;1&#8243; _builder_version=&#8221;4.27.4&#8243; _module_preset=&#8221;default&#8221; custom_margin=&#8221;0px||0px||false|false&#8221; custom_padding=&#8221;0px||0px||false|false&#8221; global_colors_info=&#8221;{}&#8221;][et_pb_row module_class=&#8221;container-banniere&#8221; _builder_version=&#8221;4.27.4&#8243; _module_preset=&#8221;default&#8221; width=&#8221;100%&#8221; max_width=&#8221;100%&#8221; custom_margin=&#8221;0px||0px||false|false&#8221; custom_padding=&#8221;0px||0px||false|false&#8221; locked=&#8221;off&#8221; global_colors_info=&#8221;{}&#8221;][et_pb_column type=&#8221;4_4&#8243; _builder_version=&#8221;4.27.4&#8243; _module_preset=&#8221;default&#8221; custom_padding=&#8221;0px||0px||false|false&#8221; global_colors_info=&#8221;{}&#8221;][et_pb_image src=&#8221;https:\/\/www.exquando.be\/wp-content\/uploads\/2025\/05\/exquando-fond.png&#8221; alt=&#8221;exquando-fond&#8221; title_text=&#8221;AEC-UCB-Header_vera-1723738038352&#8243; force_fullwidth=&#8221;on&#8221; module_class=&#8221;img-bannniere-petite&#8221; _builder_version=&#8221;4.27.4&#8243; _module_preset=&#8221;default&#8221; min_height=&#8221;35vh&#8221; custom_margin=&#8221;0px||0px||false|false&#8221; global_colors_info=&#8221;{}&#8221;][\/et_pb_image][et_pb_text _builder_version=&#8221;4.27.4&#8243; _module_preset=&#8221;default&#8221; custom_css_free_form=&#8221;selector{||   position: absolute;||    top: 50%;||    left: 50%;||    transform: translate(-50%, -50%);||}||selector h1{||  color: #FFFFFF !important;||    border-width: 0px !important;||    border-color: RGBA(255, 255, 255, 0);||    border-radius: 4vw;||    font-size: 2.6rem;||    font-weight: 800 !important;||    background-color: rgba(43,72,216,0.65);||     ||    line-height: 2.6rem !important;||      padding: 0.3em 1em !important;||}&#8221; locked=&#8221;off&#8221; global_colors_info=&#8221;{}&#8221;]<\/p>\n<h1 style=\"text-align: center;\">Onze methodologie\u00ebn<\/h1>\n<p>[\/et_pb_text][\/et_pb_column][\/et_pb_row][et_pb_row custom_padding_last_edited=&#8221;on|phone&#8221; _builder_version=&#8221;4.27.4&#8243; _module_preset=&#8221;default&#8221; background_color=&#8221;#FFFFFF&#8221; width=&#8221;100%&#8221; max_width=&#8221;100%&#8221; custom_margin_tablet=&#8221;&#8221; custom_margin_phone=&#8221;&#8221; custom_margin_last_edited=&#8221;on|desktop&#8221; custom_padding=&#8221;4.4vw|13vw|3.2vw|13vw|false|true&#8221; custom_padding_tablet=&#8221;4.4vw|13vw|3.2vw|13vw|false|false&#8221; custom_padding_phone=&#8221;6vw|10vw|5vw|10vw|false|false&#8221; locked=&#8221;off&#8221; global_colors_info=&#8221;{}&#8221;][et_pb_column type=&#8221;4_4&#8243; _builder_version=&#8221;4.27.4&#8243; _module_preset=&#8221;default&#8221; global_colors_info=&#8221;{}&#8221;][et_pb_text _builder_version=&#8221;4.27.4&#8243; _module_preset=&#8221;default&#8221; text_text_color=&#8221;#071B33&#8243; text_font_size=&#8221;1.3rem&#8221; text_line_height=&#8221;1.5rem&#8221; header_2_font_size=&#8221;2.2rem&#8221; header_2_line_height=&#8221;2.2rem&#8221; global_colors_info=&#8221;{}&#8221;]<\/p>\n<h3 style=\"text-align: justify;\">Achter al onze methodologie\u00ebn schuilt een overtuiging: In een wereld waarin informatie ontzettend waardevol is, maar ook een potenti\u00eble bron van afleiding vormt, is het van groot belang dat we bewust en doelbewust omgaan met de informatie die we cre\u00ebren, consumeren en delen. Het gaat om het besef dat informatie meer is dan alleen gegevens; het is een sterke kracht die vormgeeft aan de manier waarop we de wereld begrijpen en hoe we ons daarin bewegen.<\/h3>\n<p>[\/et_pb_text][\/et_pb_column][\/et_pb_row][et_pb_row column_structure=&#8221;1_2,1_2&#8243; make_equal=&#8221;on&#8221; _builder_version=&#8221;4.27.4&#8243; _module_preset=&#8221;default&#8221; global_colors_info=&#8221;{}&#8221;][et_pb_column type=&#8221;1_2&#8243; _builder_version=&#8221;4.27.4&#8243; _dynamic_attributes=&#8221;link_option_url&#8221; _module_preset=&#8221;default&#8221; background_color=&#8221;#FFFFFF&#8221; custom_padding=&#8221;||3vw||false|false&#8221; link_option_url=&#8221;@ET-DC@eyJkeW5hbWljIjp0cnVlLCJjb250ZW50IjoicG9zdF9saW5rX3VybF9wYWdlIiwic2V0dGluZ3MiOnsicG9zdF9pZCI6IjEyNzEifX0=@&#8221; custom_css_free_form=&#8221;selector{||  box-shadow: 5px 5px 10px 0px rgba(0, 0, 0, 0.3);||}&#8221; border_radii=&#8221;on|3vw|3vw|3vw|3vw&#8221; global_colors_info=&#8221;{}&#8221;][et_pb_image src=&#8221;https:\/\/www.exquando.be\/wp-content\/uploads\/2025\/06\/exquando-reunion-2.jpg&#8221; alt=&#8221;exquando &#8211; m\u00e9thodologie de la roue&#8221; _builder_version=&#8221;4.27.4&#8243; _module_preset=&#8221;default&#8221; custom_css_free_form=&#8221;selector img{||  height: 30vh;||  object-fit: cover;||}&#8221; global_colors_info=&#8221;{}&#8221;][\/et_pb_image][et_pb_text _builder_version=&#8221;4.27.4&#8243; _module_preset=&#8221;default&#8221; text_font_size=&#8221;1.3rem&#8221; text_line_height=&#8221;1.9rem&#8221; link_font_size=&#8221;1.3rem&#8221; link_line_height=&#8221;1.9rem&#8221; header_2_font_size=&#8221;1.9rem&#8221; header_2_line_height=&#8221;2.2rem&#8221; min_height=&#8221;17vh&#8221; custom_padding=&#8221;1vw|2vw||2vw|false|false&#8221; global_colors_info=&#8221;{}&#8221;]<\/p>\n<h2 style=\"text-align: center;\">Het transformatiewiel: versnellen van goede beslissingen<\/h2>\n<p>Voor Exquando hangt het succes van een project vooral af van de implementatie van een projectgovernance, waarbij de mens centraal staat.<\/p>\n<p>[\/et_pb_text][\/et_pb_column][et_pb_column type=&#8221;1_2&#8243; _builder_version=&#8221;4.27.4&#8243; _dynamic_attributes=&#8221;link_option_url&#8221; _module_preset=&#8221;default&#8221; background_color=&#8221;#FFFFFF&#8221; custom_padding=&#8221;||3vw||false|false&#8221; link_option_url=&#8221;@ET-DC@eyJkeW5hbWljIjp0cnVlLCJjb250ZW50IjoicG9zdF9saW5rX3VybF9wYWdlIiwic2V0dGluZ3MiOnsicG9zdF9pZCI6IjE5ODAifX0=@&#8221; custom_css_free_form=&#8221;selector{||  box-shadow: 5px 5px 10px 0px rgba(0, 0, 0, 0.3);||}&#8221; border_radii=&#8221;on|3vw|3vw|3vw|3vw&#8221; global_colors_info=&#8221;{}&#8221;][et_pb_image src=&#8221;https:\/\/www.exquando.be\/wp-content\/uploads\/2025\/06\/iStock-586934950.jpg&#8221; alt=&#8221;L\u2019infoSystem : l\u2019\u00e9cosyst\u00e8me de votre information&#8221; _builder_version=&#8221;4.27.4&#8243; _module_preset=&#8221;default&#8221; custom_css_free_form=&#8221;selector img{||  height: 30vh;||  object-fit: cover;||}&#8221; global_colors_info=&#8221;{}&#8221;][\/et_pb_image][et_pb_text _builder_version=&#8221;4.27.4&#8243; _module_preset=&#8221;default&#8221; text_font_size=&#8221;1.3rem&#8221; text_line_height=&#8221;1.9rem&#8221; link_font_size=&#8221;1.3rem&#8221; link_line_height=&#8221;1.9rem&#8221; header_2_font_size=&#8221;1.9rem&#8221; header_2_line_height=&#8221;2.2rem&#8221; min_height=&#8221;17vh&#8221; custom_padding=&#8221;1vw|2vw||2vw|false|false&#8221; global_colors_info=&#8221;{}&#8221;]<\/p>\n<h2 style=\"text-align: center;\">Het infoSystem: het ecosysteem van uw informatie<\/h2>\n<p>Op de vraag \u201choe gaan we samen met informatie om?\u201d pleit Exquando voor een systemische aanpak waarbij informatie, technologie, regels en mensen worden ge\u00efntegreerd.<\/p>\n<p>[\/et_pb_text][\/et_pb_column][\/et_pb_row][et_pb_row column_structure=&#8221;1_2,1_2&#8243; make_equal=&#8221;on&#8221; _builder_version=&#8221;4.27.4&#8243; _module_preset=&#8221;default&#8221; global_colors_info=&#8221;{}&#8221;][et_pb_column type=&#8221;1_2&#8243; _builder_version=&#8221;4.27.4&#8243; _dynamic_attributes=&#8221;link_option_url&#8221; _module_preset=&#8221;default&#8221; background_color=&#8221;#FFFFFF&#8221; custom_padding=&#8221;||3vw||false|false&#8221; link_option_url=&#8221;@ET-DC@eyJkeW5hbWljIjp0cnVlLCJjb250ZW50IjoicG9zdF9saW5rX3VybF9wYWdlIiwic2V0dGluZ3MiOnsicG9zdF9pZCI6IjE5NjUifX0=@&#8221; custom_css_free_form=&#8221;selector{||  box-shadow: 5px 5px 10px 0px rgba(0, 0, 0, 0.3);||}&#8221; border_radii=&#8221;on|3vw|3vw|3vw|3vw&#8221; global_colors_info=&#8221;{}&#8221;][et_pb_image src=&#8221;https:\/\/www.exquando.be\/wp-content\/uploads\/2025\/06\/exquando-reunion-3.jpg&#8221; alt=&#8221;exquando-reunion-3&#8243; _builder_version=&#8221;4.27.4&#8243; _module_preset=&#8221;default&#8221; custom_css_free_form=&#8221;selector img{||  height: 30vh;||  object-fit: cover;||}&#8221; global_colors_info=&#8221;{}&#8221;][\/et_pb_image][et_pb_text _builder_version=&#8221;4.27.4&#8243; _module_preset=&#8221;default&#8221; text_font_size=&#8221;1.3rem&#8221; text_line_height=&#8221;1.9rem&#8221; link_font_size=&#8221;1.3rem&#8221; link_line_height=&#8221;1.9rem&#8221; header_2_font_size=&#8221;1.9rem&#8221; header_2_line_height=&#8221;2.2rem&#8221; min_height=&#8221;17vh&#8221; custom_padding=&#8221;1vw|2vw||2vw|false|false&#8221; global_colors_info=&#8221;{}&#8221;]<\/p>\n<h2 style=\"text-align: center;\">IMC: uw infoSystem-kaart<\/h2>\n<p>Ge\u00efnspireerd door het Business Model Canvas maakt Exquando gebruik van het InfoSystem Model Canvas (IMC), waarmee u de essenti\u00eble elementen van uw infoSystem en hun onderlinge verbanden kunt visualiseren.<\/p>\n<p>[\/et_pb_text][\/et_pb_column][et_pb_column type=&#8221;1_2&#8243; _builder_version=&#8221;4.27.4&#8243; _dynamic_attributes=&#8221;link_option_url&#8221; _module_preset=&#8221;default&#8221; background_color=&#8221;#FFFFFF&#8221; custom_padding=&#8221;||3vw||false|false&#8221; link_option_url=&#8221;@ET-DC@eyJkeW5hbWljIjp0cnVlLCJjb250ZW50IjoicG9zdF9saW5rX3VybF9wYWdlIiwic2V0dGluZ3MiOnsicG9zdF9pZCI6IjE5ODcifX0=@&#8221; custom_css_free_form=&#8221;selector{||  box-shadow: 5px 5px 10px 0px rgba(0, 0, 0, 0.3);||}&#8221; border_radii=&#8221;on|3vw|3vw|3vw|3vw&#8221; global_colors_info=&#8221;{}&#8221;][et_pb_image src=&#8221;https:\/\/www.exquando.be\/wp-content\/uploads\/2025\/06\/iStock-616902766-1-1.jpg&#8221; alt=&#8221;Digitaliser l\u2019infoSystem : au-del\u00e0 des post-it&#8221; _builder_version=&#8221;4.27.4&#8243; _module_preset=&#8221;default&#8221; custom_css_free_form=&#8221;selector img{||  height: 30vh;||  object-fit: cover;||}&#8221; global_colors_info=&#8221;{}&#8221;][\/et_pb_image][et_pb_text _builder_version=&#8221;4.27.4&#8243; _module_preset=&#8221;default&#8221; text_font_size=&#8221;1.3rem&#8221; text_line_height=&#8221;1.9rem&#8221; link_font_size=&#8221;1.3rem&#8221; link_line_height=&#8221;1.9rem&#8221; header_2_font_size=&#8221;1.9rem&#8221; header_2_line_height=&#8221;2.2rem&#8221; min_height=&#8221;17vh&#8221; custom_padding=&#8221;1vw|2vw||2vw|false|false&#8221; global_colors_info=&#8221;{}&#8221;]<\/p>\n<h2 style=\"text-align: center;\">De IMC digital twin: breng uw infoSystem tot leven<\/h2>\n<p>Informatiebeheer is een continu proces. Om een \u200b\u200bsamenwerkend en altijd actueel model van uw infoSystem te garanderen, heeft Exquando zijn digitale tweeling ontwikkeld.<\/p>\n<p>[\/et_pb_text][\/et_pb_column][\/et_pb_row][et_pb_row column_structure=&#8221;1_2,1_2&#8243; make_equal=&#8221;on&#8221; _builder_version=&#8221;4.27.4&#8243; _module_preset=&#8221;default&#8221; global_colors_info=&#8221;{}&#8221;][et_pb_column type=&#8221;1_2&#8243; _builder_version=&#8221;4.27.4&#8243; _dynamic_attributes=&#8221;link_option_url&#8221; _module_preset=&#8221;default&#8221; background_color=&#8221;#FFFFFF&#8221; custom_padding=&#8221;||3vw||false|false&#8221; link_option_url=&#8221;@ET-DC@eyJkeW5hbWljIjp0cnVlLCJjb250ZW50IjoicG9zdF9saW5rX3VybF9wYWdlIiwic2V0dGluZ3MiOnsicG9zdF9pZCI6IjQ5ODgifX0=@&#8221; custom_css_free_form=&#8221;selector{||  box-shadow: 5px 5px 10px 0px rgba(0, 0, 0, 0.3);||}&#8221; border_radii=&#8221;on|3vw|3vw|3vw|3vw&#8221; global_colors_info=&#8221;{}&#8221;][et_pb_image src=&#8221;https:\/\/www.exquando.be\/wp-content\/uploads\/2025\/06\/Header-procedure-DC-scaled.jpg&#8221; alt=&#8221;Proc\u00e9dure de Document Control&#8221; _builder_version=&#8221;4.27.4&#8243; _module_preset=&#8221;default&#8221; custom_css_free_form=&#8221;selector img{||  height: 30vh;||  object-fit: cover;||  object-position: right;||}&#8221; global_colors_info=&#8221;{}&#8221;][\/et_pb_image][et_pb_text _builder_version=&#8221;4.27.4&#8243; _module_preset=&#8221;default&#8221; text_font_size=&#8221;1.3rem&#8221; text_line_height=&#8221;1.9rem&#8221; link_font_size=&#8221;1.3rem&#8221; link_line_height=&#8221;1.9rem&#8221; header_2_font_size=&#8221;1.9rem&#8221; header_2_line_height=&#8221;2.2rem&#8221; min_height=&#8221;17vh&#8221; custom_padding=&#8221;1vw|2vw||2vw|false|false&#8221; global_colors_info=&#8221;{}&#8221;]<\/p>\n<h2 style=\"text-align: center;\">De Document Control-procedure: een gecontroleerd kader voor AEC-projecten<\/h2>\n<p>Op zoek naar een solide, gestructureerde basis voor het beheer van uw projectdocumenten? Exquando heeft een Document Control-procedure ontwikkeld die kan worden aangepast aan de specifieke kenmerken van uw project.<\/p>\n<p>[\/et_pb_text][\/et_pb_column][et_pb_column type=&#8221;1_2&#8243; _builder_version=&#8221;4.27.4&#8243; _dynamic_attributes=&#8221;link_option_url&#8221; _module_preset=&#8221;default&#8221; background_color=&#8221;#FFFFFF&#8221; custom_padding=&#8221;||3vw||false|false&#8221; link_option_url=&#8221;@ET-DC@eyJkeW5hbWljIjp0cnVlLCJjb250ZW50IjoicG9zdF9saW5rX3VybF9wYWdlIiwic2V0dGluZ3MiOnsicG9zdF9pZCI6IjQ3MzUifX0=@&#8221; custom_css_free_form=&#8221;selector{||  box-shadow: 5px 5px 10px 0px rgba(0, 0, 0, 0.3);||}&#8221; border_radii=&#8221;on|3vw|3vw|3vw|3vw&#8221; global_colors_info=&#8221;{}&#8221;][et_pb_image src=&#8221;https:\/\/www.exquando.be\/wp-content\/uploads\/2025\/06\/Photomethododocumentcontrolasaservice.jpg&#8221; alt=&#8221;Document Control as a Service&#8221; _builder_version=&#8221;4.27.4&#8243; _module_preset=&#8221;default&#8221; custom_css_free_form=&#8221;selector img{||  height: 30vh;||  object-fit: cover;||  object-position: right;||}&#8221; global_colors_info=&#8221;{}&#8221;][\/et_pb_image][et_pb_text _builder_version=&#8221;4.27.4&#8243; _module_preset=&#8221;default&#8221; text_font_size=&#8221;1.3rem&#8221; text_line_height=&#8221;1.9rem&#8221; link_font_size=&#8221;1.3rem&#8221; link_line_height=&#8221;1.9rem&#8221; header_2_font_size=&#8221;1.9rem&#8221; header_2_line_height=&#8221;2.2rem&#8221; min_height=&#8221;17vh&#8221; custom_padding=&#8221;1vw|2vw||2vw|false|false&#8221; global_colors_info=&#8221;{}&#8221;]<\/p>\n<h2 style=\"text-align: center;\">Document Control as a Service<\/h2>\n<p class=\"p1\">Houd het documentbeheer van uw AEC-projecten onder controle met onze Document Control as a Service oplossing: wendbaar, flexibel en aanpasbaar.<\/p>\n<p>[\/et_pb_text][\/et_pb_column][\/et_pb_row][et_pb_row column_structure=&#8221;1_2,1_2&#8243; _builder_version=&#8221;4.27.4&#8243; _module_preset=&#8221;default&#8221; global_colors_info=&#8221;{}&#8221;][et_pb_column type=&#8221;1_2&#8243; _builder_version=&#8221;4.27.4&#8243; _dynamic_attributes=&#8221;link_option_url&#8221; _module_preset=&#8221;default&#8221; background_color=&#8221;#FFFFFF&#8221; custom_padding=&#8221;||3vw||false|false&#8221; link_option_url=&#8221;@ET-DC@eyJkeW5hbWljIjp0cnVlLCJjb250ZW50IjoicG9zdF9saW5rX3VybF9wYWdlIiwic2V0dGluZ3MiOnsicG9zdF9pZCI6IjUwMDEifX0=@&#8221; custom_css_free_form=&#8221;selector{||  box-shadow: 5px 5px 10px 0px rgba(0, 0, 0, 0.3);||}&#8221; border_radii=&#8221;on|3vw|3vw|3vw|3vw&#8221; global_colors_info=&#8221;{}&#8221;][et_pb_image src=&#8221;https:\/\/www.exquando.be\/wp-content\/uploads\/2025\/06\/Header-Vrac-numerique-IA.jpg&#8221; alt=&#8221;L\u2019IA au secours des donn\u00e9es non structur\u00e9es : Transformez le chaos en tr\u00e9sor&#8221; _builder_version=&#8221;4.27.4&#8243; _module_preset=&#8221;default&#8221; custom_css_free_form=&#8221;selector img{||  height: 30vh;||  object-fit: cover;||  object-position: right;||}&#8221; global_colors_info=&#8221;{}&#8221;][\/et_pb_image][et_pb_text _builder_version=&#8221;4.27.4&#8243; _module_preset=&#8221;default&#8221; text_font_size=&#8221;1.3rem&#8221; text_line_height=&#8221;1.9rem&#8221; link_font_size=&#8221;1.3rem&#8221; link_line_height=&#8221;1.9rem&#8221; header_2_font_size=&#8221;1.9rem&#8221; header_2_line_height=&#8221;2.2rem&#8221; min_height=&#8221;17vh&#8221; custom_padding=&#8221;1vw|2vw||2vw|false|false&#8221; global_colors_info=&#8221;{}&#8221;]<\/p>\n<h2 style=\"text-align: center;\">AI schiet ongestructureerde data te hulp: van chaos een schat maken<\/h2>\n<p>Exquando helpt u bij het verwerken van uw documenten en plannen om uw ongestructureerde data met AI-ondersteuning om te zetten in waardevolle, bruikbare informatie.<\/p>\n<p>[\/et_pb_text][\/et_pb_column][et_pb_column type=&#8221;1_2&#8243; _builder_version=&#8221;4.27.4&#8243; _module_preset=&#8221;default&#8221; background_color=&#8221;#FFFFFF&#8221; custom_padding=&#8221;||3vw||false|false&#8221; border_radii=&#8221;on|3vw|3vw|3vw|3vw&#8221; global_colors_info=&#8221;{}&#8221;][\/et_pb_column][\/et_pb_row][\/et_pb_section]<\/p>\n","protected":false},"excerpt":{"rendered":"<p>Onze methodologie\u00ebnAchter al onze methodologie\u00ebn schuilt een overtuiging: In een wereld waarin informatie ontzettend waardevol is, maar ook een potenti\u00eble bron van afleiding vormt, is het van groot belang dat we bewust en doelbewust omgaan met de informatie die we cre\u00ebren, consumeren en delen. Het gaat om het besef dat informatie meer is dan alleen [&hellip;]<\/p>\n","protected":false},"author":2,"featured_media":0,"parent":0,"menu_order":0,"comment_status":"closed","ping_status":"closed","template":"","meta":{"_acf_changed":false,"_et_pb_use_builder":"on","_et_pb_old_content":"","_et_gb_content_width":"","inline_featured_image":false,"footnotes":""},"class_list":["post-6429","page","type-page","status-publish","hentry"],"acf":[],"yoast_head":"<!-- This site is optimized with the Yoast SEO plugin v27.5 - https:\/\/yoast.com\/product\/yoast-seo-wordpress\/ -->\n<title>Onze methodologie\u00ebn - Exquando<\/title>\n<meta name=\"robots\" content=\"index, follow, max-snippet:-1, max-image-preview:large, max-video-preview:-1\" \/>\n<link rel=\"canonical\" href=\"https:\/\/www.exquando.be\/nl\/methodologieen\/\" \/>\n<meta property=\"og:locale\" content=\"nl_NL\" \/>\n<meta property=\"og:type\" content=\"article\" \/>\n<meta property=\"og:title\" content=\"Onze methodologie\u00ebn - Exquando\" \/>\n<meta property=\"og:description\" content=\"Onze methodologie\u00ebnAchter al onze methodologie\u00ebn schuilt een overtuiging: In een wereld waarin informatie ontzettend waardevol is, maar ook een potenti\u00eble bron van afleiding vormt, is het van groot belang dat we bewust en doelbewust omgaan met de informatie die we cre\u00ebren, consumeren en delen. Het gaat om het besef dat informatie meer is dan alleen [&hellip;]\" \/>\n<meta property=\"og:url\" content=\"https:\/\/www.exquando.be\/nl\/methodologieen\/\" \/>\n<meta property=\"og:site_name\" content=\"Exquando\" \/>\n<meta property=\"article:modified_time\" content=\"2025-07-17T12:26:09+00:00\" \/>\n<meta property=\"og:image\" content=\"https:\/\/www.exquando.be\/wp-content\/uploads\/2025\/07\/exquando.jpg\" \/>\n\t<meta property=\"og:image:width\" content=\"1280\" \/>\n\t<meta property=\"og:image:height\" content=\"720\" \/>\n\t<meta property=\"og:image:type\" content=\"image\/jpeg\" \/>\n<meta name=\"twitter:card\" content=\"summary_large_image\" \/>\n<meta name=\"twitter:label1\" content=\"Geschatte leestijd\" \/>\n\t<meta name=\"twitter:data1\" content=\"4 minuten\" \/>\n<script type=\"application\/ld+json\" class=\"yoast-schema-graph\">{\"@context\":\"https:\\\/\\\/schema.org\",\"@graph\":[{\"@type\":\"WebPage\",\"@id\":\"https:\\\/\\\/www.exquando.be\\\/nl\\\/methodologieen\\\/\",\"url\":\"https:\\\/\\\/www.exquando.be\\\/nl\\\/methodologieen\\\/\",\"name\":\"Onze methodologie\u00ebn - Exquando\",\"isPartOf\":{\"@id\":\"https:\\\/\\\/www.exquando.be\\\/en\\\/#website\"},\"datePublished\":\"2025-06-18T07:11:33+00:00\",\"dateModified\":\"2025-07-17T12:26:09+00:00\",\"breadcrumb\":{\"@id\":\"https:\\\/\\\/www.exquando.be\\\/nl\\\/methodologieen\\\/#breadcrumb\"},\"inLanguage\":\"nl-NL\",\"potentialAction\":[{\"@type\":\"ReadAction\",\"target\":[\"https:\\\/\\\/www.exquando.be\\\/nl\\\/methodologieen\\\/\"]}]},{\"@type\":\"BreadcrumbList\",\"@id\":\"https:\\\/\\\/www.exquando.be\\\/nl\\\/methodologieen\\\/#breadcrumb\",\"itemListElement\":[{\"@type\":\"ListItem\",\"position\":1,\"name\":\"Accueil\",\"item\":\"https:\\\/\\\/www.exquando.be\\\/nl\\\/\"},{\"@type\":\"ListItem\",\"position\":2,\"name\":\"Onze methodologie\u00ebn\"}]},{\"@type\":\"WebSite\",\"@id\":\"https:\\\/\\\/www.exquando.be\\\/en\\\/#website\",\"url\":\"https:\\\/\\\/www.exquando.be\\\/en\\\/\",\"name\":\"Exquando\",\"description\":\"The infosystem agency\",\"publisher\":{\"@id\":\"https:\\\/\\\/www.exquando.be\\\/en\\\/#organization\"},\"potentialAction\":[{\"@type\":\"SearchAction\",\"target\":{\"@type\":\"EntryPoint\",\"urlTemplate\":\"https:\\\/\\\/www.exquando.be\\\/en\\\/?s={search_term_string}\"},\"query-input\":{\"@type\":\"PropertyValueSpecification\",\"valueRequired\":true,\"valueName\":\"search_term_string\"}}],\"inLanguage\":\"nl-NL\"},{\"@type\":\"Organization\",\"@id\":\"https:\\\/\\\/www.exquando.be\\\/en\\\/#organization\",\"name\":\"Exquando\",\"url\":\"https:\\\/\\\/www.exquando.be\\\/en\\\/\",\"logo\":{\"@type\":\"ImageObject\",\"inLanguage\":\"nl-NL\",\"@id\":\"https:\\\/\\\/www.exquando.be\\\/en\\\/#\\\/schema\\\/logo\\\/image\\\/\",\"url\":\"https:\\\/\\\/www.exquando.be\\\/wp-content\\\/uploads\\\/2025\\\/07\\\/exquando.jpg\",\"contentUrl\":\"https:\\\/\\\/www.exquando.be\\\/wp-content\\\/uploads\\\/2025\\\/07\\\/exquando.jpg\",\"width\":1280,\"height\":720,\"caption\":\"Exquando\"},\"image\":{\"@id\":\"https:\\\/\\\/www.exquando.be\\\/en\\\/#\\\/schema\\\/logo\\\/image\\\/\"},\"sameAs\":[\"https:\\\/\\\/www.linkedin.com\\\/company\\\/exquando-the-infosystem-agency\\\/\"]}]}<\/script>\n<!-- \/ Yoast SEO plugin. -->","yoast_head_json":{"title":"Onze methodologie\u00ebn - Exquando","robots":{"index":"index","follow":"follow","max-snippet":"max-snippet:-1","max-image-preview":"max-image-preview:large","max-video-preview":"max-video-preview:-1"},"canonical":"https:\/\/www.exquando.be\/nl\/methodologieen\/","og_locale":"nl_NL","og_type":"article","og_title":"Onze methodologie\u00ebn - Exquando","og_description":"Onze methodologie\u00ebnAchter al onze methodologie\u00ebn schuilt een overtuiging: In een wereld waarin informatie ontzettend waardevol is, maar ook een potenti\u00eble bron van afleiding vormt, is het van groot belang dat we bewust en doelbewust omgaan met de informatie die we cre\u00ebren, consumeren en delen. Het gaat om het besef dat informatie meer is dan alleen [&hellip;]","og_url":"https:\/\/www.exquando.be\/nl\/methodologieen\/","og_site_name":"Exquando","article_modified_time":"2025-07-17T12:26:09+00:00","og_image":[{"width":1280,"height":720,"url":"https:\/\/www.exquando.be\/wp-content\/uploads\/2025\/07\/exquando.jpg","type":"image\/jpeg"}],"twitter_card":"summary_large_image","twitter_misc":{"Geschatte leestijd":"4 minuten"},"schema":{"@context":"https:\/\/schema.org","@graph":[{"@type":"WebPage","@id":"https:\/\/www.exquando.be\/nl\/methodologieen\/","url":"https:\/\/www.exquando.be\/nl\/methodologieen\/","name":"Onze methodologie\u00ebn - Exquando","isPartOf":{"@id":"https:\/\/www.exquando.be\/en\/#website"},"datePublished":"2025-06-18T07:11:33+00:00","dateModified":"2025-07-17T12:26:09+00:00","breadcrumb":{"@id":"https:\/\/www.exquando.be\/nl\/methodologieen\/#breadcrumb"},"inLanguage":"nl-NL","potentialAction":[{"@type":"ReadAction","target":["https:\/\/www.exquando.be\/nl\/methodologieen\/"]}]},{"@type":"BreadcrumbList","@id":"https:\/\/www.exquando.be\/nl\/methodologieen\/#breadcrumb","itemListElement":[{"@type":"ListItem","position":1,"name":"Accueil","item":"https:\/\/www.exquando.be\/nl\/"},{"@type":"ListItem","position":2,"name":"Onze methodologie\u00ebn"}]},{"@type":"WebSite","@id":"https:\/\/www.exquando.be\/en\/#website","url":"https:\/\/www.exquando.be\/en\/","name":"Exquando","description":"The infosystem agency","publisher":{"@id":"https:\/\/www.exquando.be\/en\/#organization"},"potentialAction":[{"@type":"SearchAction","target":{"@type":"EntryPoint","urlTemplate":"https:\/\/www.exquando.be\/en\/?s={search_term_string}"},"query-input":{"@type":"PropertyValueSpecification","valueRequired":true,"valueName":"search_term_string"}}],"inLanguage":"nl-NL"},{"@type":"Organization","@id":"https:\/\/www.exquando.be\/en\/#organization","name":"Exquando","url":"https:\/\/www.exquando.be\/en\/","logo":{"@type":"ImageObject","inLanguage":"nl-NL","@id":"https:\/\/www.exquando.be\/en\/#\/schema\/logo\/image\/","url":"https:\/\/www.exquando.be\/wp-content\/uploads\/2025\/07\/exquando.jpg","contentUrl":"https:\/\/www.exquando.be\/wp-content\/uploads\/2025\/07\/exquando.jpg","width":1280,"height":720,"caption":"Exquando"},"image":{"@id":"https:\/\/www.exquando.be\/en\/#\/schema\/logo\/image\/"},"sameAs":["https:\/\/www.linkedin.com\/company\/exquando-the-infosystem-agency\/"]}]}},"_links":{"self":[{"href":"https:\/\/www.exquando.be\/nl\/wp-json\/wp\/v2\/pages\/6429","targetHints":{"allow":["GET"]}}],"collection":[{"href":"https:\/\/www.exquando.be\/nl\/wp-json\/wp\/v2\/pages"}],"about":[{"href":"https:\/\/www.exquando.be\/nl\/wp-json\/wp\/v2\/types\/page"}],"author":[{"embeddable":true,"href":"https:\/\/www.exquando.be\/nl\/wp-json\/wp\/v2\/users\/2"}],"replies":[{"embeddable":true,"href":"https:\/\/www.exquando.be\/nl\/wp-json\/wp\/v2\/comments?post=6429"}],"version-history":[{"count":5,"href":"https:\/\/www.exquando.be\/nl\/wp-json\/wp\/v2\/pages\/6429\/revisions"}],"predecessor-version":[{"id":7078,"href":"https:\/\/www.exquando.be\/nl\/wp-json\/wp\/v2\/pages\/6429\/revisions\/7078"}],"wp:attachment":[{"href":"https:\/\/www.exquando.be\/nl\/wp-json\/wp\/v2\/media?parent=6429"}],"curies":[{"name":"wp","href":"https:\/\/api.w.org\/{rel}","templated":true}]}}