{"id":5896,"date":"2025-06-18T07:11:33","date_gmt":"2025-06-18T07:11:33","guid":{"rendered":"https:\/\/exquando.comingsoon.site\/methodologie\/"},"modified":"2025-07-15T09:43:54","modified_gmt":"2025-07-15T09:43:54","slug":"methodologies","status":"publish","type":"page","link":"https:\/\/www.exquando.be\/en\/methodologies\/","title":{"rendered":"Methodologies"},"content":{"rendered":"<p>[et_pb_section fb_built=&#8221;1&#8243; _builder_version=&#8221;4.27.4&#8243; _module_preset=&#8221;default&#8221; custom_margin=&#8221;0px||0px||false|false&#8221; custom_padding=&#8221;0px||0px||false|false&#8221; global_colors_info=&#8221;{}&#8221;][et_pb_row module_class=&#8221;container-banniere&#8221; _builder_version=&#8221;4.27.4&#8243; _module_preset=&#8221;default&#8221; width=&#8221;100%&#8221; max_width=&#8221;100%&#8221; custom_margin=&#8221;0px||0px||false|false&#8221; custom_padding=&#8221;0px||0px||false|false&#8221; locked=&#8221;off&#8221; global_colors_info=&#8221;{}&#8221;][et_pb_column type=&#8221;4_4&#8243; _builder_version=&#8221;4.27.4&#8243; _module_preset=&#8221;default&#8221; custom_padding=&#8221;0px||0px||false|false&#8221; global_colors_info=&#8221;{}&#8221;][et_pb_image src=&#8221;https:\/\/www.exquando.be\/wp-content\/uploads\/2025\/05\/exquando-fond.png&#8221; alt=&#8221;exquando-fond&#8221; title_text=&#8221;AEC-UCB-Header_vera-1723738038352&#8243; force_fullwidth=&#8221;on&#8221; module_class=&#8221;img-bannniere-petite&#8221; _builder_version=&#8221;4.27.4&#8243; _module_preset=&#8221;default&#8221; min_height=&#8221;35vh&#8221; custom_margin=&#8221;0px||0px||false|false&#8221; global_colors_info=&#8221;{}&#8221;][\/et_pb_image][et_pb_text _builder_version=&#8221;4.27.4&#8243; _module_preset=&#8221;default&#8221; hover_enabled=&#8221;0&#8243; custom_css_free_form=&#8221;selector{||   position: absolute;||    top: 50%;||    left: 50%;||    transform: translate(-50%, -50%);||}||selector h1{||  color: #FFFFFF !important;||    border-width: 0px !important;||    border-color: RGBA(255, 255, 255, 0);||    border-radius: 4vw;||    font-size: 2.6rem;||    font-weight: 800 !important;||    background-color: rgba(43,72,216,0.65);||     ||    line-height: 2.6rem !important;||      padding: 0.3em 1em !important;||}&#8221; locked=&#8221;off&#8221; global_colors_info=&#8221;{}&#8221; sticky_enabled=&#8221;0&#8243;]<\/p>\n<h1 style=\"text-align: center;\">Our methodologies<\/h1>\n<p>[\/et_pb_text][\/et_pb_column][\/et_pb_row][et_pb_row custom_padding_last_edited=&#8221;on|phone&#8221; _builder_version=&#8221;4.27.4&#8243; _module_preset=&#8221;default&#8221; background_color=&#8221;#FFFFFF&#8221; width=&#8221;100%&#8221; max_width=&#8221;100%&#8221; custom_margin_tablet=&#8221;&#8221; custom_margin_phone=&#8221;&#8221; custom_margin_last_edited=&#8221;on|desktop&#8221; custom_padding=&#8221;4.4vw|13vw|3.2vw|13vw|false|true&#8221; custom_padding_tablet=&#8221;4.4vw|13vw|3.2vw|13vw|false|false&#8221; custom_padding_phone=&#8221;6vw|10vw|5vw|10vw|false|false&#8221; locked=&#8221;off&#8221; global_colors_info=&#8221;{}&#8221;][et_pb_column type=&#8221;4_4&#8243; _builder_version=&#8221;4.27.4&#8243; _module_preset=&#8221;default&#8221; global_colors_info=&#8221;{}&#8221;][et_pb_text _builder_version=&#8221;4.27.4&#8243; _module_preset=&#8221;default&#8221; text_text_color=&#8221;#071B33&#8243; text_font_size=&#8221;1.3rem&#8221; text_line_height=&#8221;1.5rem&#8221; header_2_font_size=&#8221;2.2rem&#8221; header_2_line_height=&#8221;2.2rem&#8221; global_colors_info=&#8221;{}&#8221;]<\/p>\n<h3 style=\"text-align: justify;\">Behind all our methodologies lies a conviction: In a world where information is both incredibly valuable and a potential source of distraction, it is critical that we become conscious and intentional stewards of the information we create, consume, and share. It&#8217;s about understanding that information is more than just data; it&#8217;s a powerful force that shapes our understanding of the world and how we navigate through it.<\/h3>\n<p>[\/et_pb_text][\/et_pb_column][\/et_pb_row][et_pb_row column_structure=&#8221;1_2,1_2&#8243; make_equal=&#8221;on&#8221; _builder_version=&#8221;4.27.4&#8243; _module_preset=&#8221;default&#8221; global_colors_info=&#8221;{}&#8221;][et_pb_column type=&#8221;1_2&#8243; _builder_version=&#8221;4.27.4&#8243; _dynamic_attributes=&#8221;link_option_url&#8221; _module_preset=&#8221;default&#8221; background_color=&#8221;#FFFFFF&#8221; custom_padding=&#8221;||3vw||false|false&#8221; link_option_url=&#8221;@ET-DC@eyJkeW5hbWljIjp0cnVlLCJjb250ZW50IjoicG9zdF9saW5rX3VybF9wYWdlIiwic2V0dGluZ3MiOnsicG9zdF9pZCI6IjEyNzEifX0=@&#8221; custom_css_free_form=&#8221;selector{||  box-shadow: 5px 5px 10px 0px rgba(0, 0, 0, 0.3);||}&#8221; border_radii=&#8221;on|3vw|3vw|3vw|3vw&#8221; global_colors_info=&#8221;{}&#8221;][et_pb_image src=&#8221;https:\/\/www.exquando.be\/wp-content\/uploads\/2025\/06\/exquando-reunion-2.jpg&#8221; alt=&#8221;exquando &#8211; m\u00e9thodologie de la roue&#8221; _builder_version=&#8221;4.27.4&#8243; _module_preset=&#8221;default&#8221; custom_css_free_form=&#8221;selector img{||  height: 30vh;||  object-fit: cover;||}&#8221; global_colors_info=&#8221;{}&#8221;][\/et_pb_image][et_pb_text _builder_version=&#8221;4.27.4&#8243; _module_preset=&#8221;default&#8221; text_font_size=&#8221;1.3rem&#8221; text_line_height=&#8221;1.9rem&#8221; link_font_size=&#8221;1.3rem&#8221; link_line_height=&#8221;1.9rem&#8221; header_2_font_size=&#8221;1.9rem&#8221; header_2_line_height=&#8221;2.2rem&#8221; min_height=&#8221;17vh&#8221; custom_padding=&#8221;1vw|2vw||2vw|false|false&#8221; global_colors_info=&#8221;{}&#8221;]<\/p>\n<h2 style=\"text-align: center;\">The transformation wheel: accelerating the right decisions<\/h2>\n<p>For Exquando, the success of a project depends first and foremost on the implementation of a project governance system that puts people at the centre.<\/p>\n<p>[\/et_pb_text][\/et_pb_column][et_pb_column type=&#8221;1_2&#8243; _builder_version=&#8221;4.27.4&#8243; _dynamic_attributes=&#8221;link_option_url&#8221; _module_preset=&#8221;default&#8221; background_color=&#8221;#FFFFFF&#8221; custom_padding=&#8221;||3vw||false|false&#8221; link_option_url=&#8221;@ET-DC@eyJkeW5hbWljIjp0cnVlLCJjb250ZW50IjoicG9zdF9saW5rX3VybF9wYWdlIiwic2V0dGluZ3MiOnsicG9zdF9pZCI6IjE5ODAifX0=@&#8221; custom_css_free_form=&#8221;selector{||  box-shadow: 5px 5px 10px 0px rgba(0, 0, 0, 0.3);||}&#8221; border_radii=&#8221;on|3vw|3vw|3vw|3vw&#8221; global_colors_info=&#8221;{}&#8221;][et_pb_image src=&#8221;https:\/\/www.exquando.be\/wp-content\/uploads\/2025\/06\/iStock-586934950.jpg&#8221; alt=&#8221;L\u2019infoSystem : l\u2019\u00e9cosyst\u00e8me de votre information&#8221; _builder_version=&#8221;4.27.4&#8243; _module_preset=&#8221;default&#8221; custom_css_free_form=&#8221;selector img{||  height: 30vh;||  object-fit: cover;||}&#8221; global_colors_info=&#8221;{}&#8221;][\/et_pb_image][et_pb_text _builder_version=&#8221;4.27.4&#8243; _module_preset=&#8221;default&#8221; text_font_size=&#8221;1.3rem&#8221; text_line_height=&#8221;1.9rem&#8221; link_font_size=&#8221;1.3rem&#8221; link_line_height=&#8221;1.9rem&#8221; header_2_font_size=&#8221;1.9rem&#8221; header_2_line_height=&#8221;2.2rem&#8221; min_height=&#8221;17vh&#8221; custom_padding=&#8221;1vw|2vw||2vw|false|false&#8221; global_colors_info=&#8221;{}&#8221;]<\/p>\n<h2 style=\"text-align: center;\">The InfoSystem: the ecosystem of your information<\/h2>\n<p>To the question \u201chow will we manage information together?\u201d, Exquando advocates a systemic approach integrating information, technology, rules and people.<\/p>\n<p>[\/et_pb_text][\/et_pb_column][\/et_pb_row][et_pb_row column_structure=&#8221;1_2,1_2&#8243; make_equal=&#8221;on&#8221; _builder_version=&#8221;4.27.4&#8243; _module_preset=&#8221;default&#8221; global_colors_info=&#8221;{}&#8221;][et_pb_column type=&#8221;1_2&#8243; _builder_version=&#8221;4.27.4&#8243; _dynamic_attributes=&#8221;link_option_url&#8221; _module_preset=&#8221;default&#8221; background_color=&#8221;#FFFFFF&#8221; custom_padding=&#8221;||3vw||false|false&#8221; link_option_url=&#8221;@ET-DC@eyJkeW5hbWljIjp0cnVlLCJjb250ZW50IjoicG9zdF9saW5rX3VybF9wYWdlIiwic2V0dGluZ3MiOnsicG9zdF9pZCI6IjE5NjUifX0=@&#8221; custom_css_free_form=&#8221;selector{||  box-shadow: 5px 5px 10px 0px rgba(0, 0, 0, 0.3);||}&#8221; border_radii=&#8221;on|3vw|3vw|3vw|3vw&#8221; global_colors_info=&#8221;{}&#8221;][et_pb_image src=&#8221;https:\/\/www.exquando.be\/wp-content\/uploads\/2025\/06\/exquando-reunion-3.jpg&#8221; alt=&#8221;exquando-reunion-3&#8243; _builder_version=&#8221;4.27.4&#8243; _module_preset=&#8221;default&#8221; custom_css_free_form=&#8221;selector img{||  height: 30vh;||  object-fit: cover;||}&#8221; global_colors_info=&#8221;{}&#8221;][\/et_pb_image][et_pb_text _builder_version=&#8221;4.27.4&#8243; _module_preset=&#8221;default&#8221; text_font_size=&#8221;1.3rem&#8221; text_line_height=&#8221;1.9rem&#8221; link_font_size=&#8221;1.3rem&#8221; link_line_height=&#8221;1.9rem&#8221; header_2_font_size=&#8221;1.9rem&#8221; header_2_line_height=&#8221;2.2rem&#8221; min_height=&#8221;17vh&#8221; custom_padding=&#8221;1vw|2vw||2vw|false|false&#8221; global_colors_info=&#8221;{}&#8221;]<\/p>\n<h2 style=\"text-align: center;\">IMC: the map of your infoSystem<\/h2>\n<p>Inspired by the Business Model Canvas, Exquando uses the InfoSystem Model Canvas (IMC) which allows you to visualise the essential elements of your infoSystem and their interconnections.<\/p>\n<p>[\/et_pb_text][\/et_pb_column][et_pb_column type=&#8221;1_2&#8243; _builder_version=&#8221;4.27.4&#8243; _dynamic_attributes=&#8221;link_option_url&#8221; _module_preset=&#8221;default&#8221; background_color=&#8221;#FFFFFF&#8221; custom_padding=&#8221;||3vw||false|false&#8221; link_option_url=&#8221;@ET-DC@eyJkeW5hbWljIjp0cnVlLCJjb250ZW50IjoicG9zdF9saW5rX3VybF9wYWdlIiwic2V0dGluZ3MiOnsicG9zdF9pZCI6IjE5ODcifX0=@&#8221; custom_css_free_form=&#8221;selector{||  box-shadow: 5px 5px 10px 0px rgba(0, 0, 0, 0.3);||}&#8221; border_radii=&#8221;on|3vw|3vw|3vw|3vw&#8221; global_colors_info=&#8221;{}&#8221;][et_pb_image src=&#8221;https:\/\/www.exquando.be\/wp-content\/uploads\/2025\/06\/iStock-616902766-1-1.jpg&#8221; alt=&#8221;Digitaliser l\u2019infoSystem : au-del\u00e0 des post-it&#8221; _builder_version=&#8221;4.27.4&#8243; _module_preset=&#8221;default&#8221; custom_css_free_form=&#8221;selector img{||  height: 30vh;||  object-fit: cover;||}&#8221; global_colors_info=&#8221;{}&#8221;][\/et_pb_image][et_pb_text _builder_version=&#8221;4.27.4&#8243; _module_preset=&#8221;default&#8221; text_font_size=&#8221;1.3rem&#8221; text_line_height=&#8221;1.9rem&#8221; link_font_size=&#8221;1.3rem&#8221; link_line_height=&#8221;1.9rem&#8221; header_2_font_size=&#8221;1.9rem&#8221; header_2_line_height=&#8221;2.2rem&#8221; min_height=&#8221;17vh&#8221; custom_padding=&#8221;1vw|2vw||2vw|false|false&#8221; global_colors_info=&#8221;{}&#8221;]<\/p>\n<h2 style=\"text-align: center;\">The IMC digital twin: bring your infoSystem to life<\/h2>\n<p>Information governance is an ongoing process. To ensure a collaborative and always up-to-date model of your information system, Exquando has developed its digital twin.<\/p>\n<p>[\/et_pb_text][\/et_pb_column][\/et_pb_row][et_pb_row column_structure=&#8221;1_2,1_2&#8243; make_equal=&#8221;on&#8221; _builder_version=&#8221;4.27.4&#8243; _module_preset=&#8221;default&#8221; global_colors_info=&#8221;{}&#8221;][et_pb_column type=&#8221;1_2&#8243; _builder_version=&#8221;4.27.4&#8243; _dynamic_attributes=&#8221;link_option_url&#8221; _module_preset=&#8221;default&#8221; background_color=&#8221;#FFFFFF&#8221; custom_padding=&#8221;||3vw||false|false&#8221; link_option_url=&#8221;@ET-DC@eyJkeW5hbWljIjp0cnVlLCJjb250ZW50IjoicG9zdF9saW5rX3VybF9wYWdlIiwic2V0dGluZ3MiOnsicG9zdF9pZCI6IjQ5ODgifX0=@&#8221; custom_css_free_form=&#8221;selector{||  box-shadow: 5px 5px 10px 0px rgba(0, 0, 0, 0.3);||}&#8221; border_radii=&#8221;on|3vw|3vw|3vw|3vw&#8221; global_colors_info=&#8221;{}&#8221;][et_pb_image src=&#8221;https:\/\/www.exquando.be\/wp-content\/uploads\/2025\/06\/Header-procedure-DC-scaled.jpg&#8221; alt=&#8221;Proc\u00e9dure de Document Control&#8221; _builder_version=&#8221;4.27.4&#8243; _module_preset=&#8221;default&#8221; custom_css_free_form=&#8221;selector img{||  height: 30vh;||  object-fit: cover;||  object-position: right;||}&#8221; global_colors_info=&#8221;{}&#8221;][\/et_pb_image][et_pb_text _builder_version=&#8221;4.27.4&#8243; _module_preset=&#8221;default&#8221; text_font_size=&#8221;1.3rem&#8221; text_line_height=&#8221;1.9rem&#8221; link_font_size=&#8221;1.3rem&#8221; link_line_height=&#8221;1.9rem&#8221; header_2_font_size=&#8221;1.9rem&#8221; header_2_line_height=&#8221;2.2rem&#8221; min_height=&#8221;17vh&#8221; custom_padding=&#8221;1vw|2vw||2vw|false|false&#8221; global_colors_info=&#8221;{}&#8221;]<\/p>\n<h2 style=\"text-align: center;\">\u00a0The Document Control procedure: a controlled framework for AEC projects<\/h2>\n<p>Looking for a solid, structured foundation for managing your project documentation? Exquando designed a Document Control procedure that can be adapted to the specifics of your project.<\/p>\n<p>[\/et_pb_text][\/et_pb_column][et_pb_column type=&#8221;1_2&#8243; _builder_version=&#8221;4.27.4&#8243; _dynamic_attributes=&#8221;link_option_url&#8221; _module_preset=&#8221;default&#8221; background_color=&#8221;#FFFFFF&#8221; custom_padding=&#8221;||3vw||false|false&#8221; link_option_url=&#8221;@ET-DC@eyJkeW5hbWljIjp0cnVlLCJjb250ZW50IjoicG9zdF9saW5rX3VybF9wYWdlIiwic2V0dGluZ3MiOnsicG9zdF9pZCI6IjQ3MzUifX0=@&#8221; custom_css_free_form=&#8221;selector{||  box-shadow: 5px 5px 10px 0px rgba(0, 0, 0, 0.3);||}&#8221; border_radii=&#8221;on|3vw|3vw|3vw|3vw&#8221; global_colors_info=&#8221;{}&#8221;][et_pb_image src=&#8221;https:\/\/www.exquando.be\/wp-content\/uploads\/2025\/06\/Photomethododocumentcontrolasaservice.jpg&#8221; alt=&#8221;Document Control as a Service&#8221; _builder_version=&#8221;4.27.4&#8243; _module_preset=&#8221;default&#8221; custom_css_free_form=&#8221;selector img{||  height: 30vh;||  object-fit: cover;||  object-position: right;||}&#8221; global_colors_info=&#8221;{}&#8221;][\/et_pb_image][et_pb_text _builder_version=&#8221;4.27.4&#8243; _module_preset=&#8221;default&#8221; text_font_size=&#8221;1.3rem&#8221; text_line_height=&#8221;1.9rem&#8221; link_font_size=&#8221;1.3rem&#8221; link_line_height=&#8221;1.9rem&#8221; header_2_font_size=&#8221;1.9rem&#8221; header_2_line_height=&#8221;2.2rem&#8221; min_height=&#8221;17vh&#8221; custom_padding=&#8221;1vw|2vw||2vw|false|false&#8221; global_colors_info=&#8221;{}&#8221;]<\/p>\n<h2 style=\"text-align: center;\">Document Control as a Service<\/h2>\n<p>Master the document management of your AEC projects with our Document Control as a Service solution: agility, flexibility and adaptability.<\/p>\n<p>[\/et_pb_text][\/et_pb_column][\/et_pb_row][et_pb_row column_structure=&#8221;1_2,1_2&#8243; _builder_version=&#8221;4.27.4&#8243; _module_preset=&#8221;default&#8221; global_colors_info=&#8221;{}&#8221;][et_pb_column type=&#8221;1_2&#8243; _builder_version=&#8221;4.27.4&#8243; _dynamic_attributes=&#8221;link_option_url&#8221; _module_preset=&#8221;default&#8221; background_color=&#8221;#FFFFFF&#8221; custom_padding=&#8221;||3vw||false|false&#8221; link_option_url=&#8221;@ET-DC@eyJkeW5hbWljIjp0cnVlLCJjb250ZW50IjoicG9zdF9saW5rX3VybF9wYWdlIiwic2V0dGluZ3MiOnsicG9zdF9pZCI6IjUwMDEifX0=@&#8221; custom_css_free_form=&#8221;selector{||  box-shadow: 5px 5px 10px 0px rgba(0, 0, 0, 0.3);||}&#8221; border_radii=&#8221;on|3vw|3vw|3vw|3vw&#8221; global_colors_info=&#8221;{}&#8221;][et_pb_image src=&#8221;https:\/\/www.exquando.be\/wp-content\/uploads\/2025\/06\/Header-Vrac-numerique-IA.jpg&#8221; alt=&#8221;L\u2019IA au secours des donn\u00e9es non structur\u00e9es : Transformez le chaos en tr\u00e9sor&#8221; _builder_version=&#8221;4.27.4&#8243; _module_preset=&#8221;default&#8221; custom_css_free_form=&#8221;selector img{||  height: 30vh;||  object-fit: cover;||  object-position: right;||}&#8221; global_colors_info=&#8221;{}&#8221;][\/et_pb_image][et_pb_text _builder_version=&#8221;4.27.4&#8243; _module_preset=&#8221;default&#8221; text_font_size=&#8221;1.3rem&#8221; text_line_height=&#8221;1.9rem&#8221; link_font_size=&#8221;1.3rem&#8221; link_line_height=&#8221;1.9rem&#8221; header_2_font_size=&#8221;1.9rem&#8221; header_2_line_height=&#8221;2.2rem&#8221; min_height=&#8221;17vh&#8221; custom_padding=&#8221;1vw|2vw||2vw|false|false&#8221; global_colors_info=&#8221;{}&#8221;]<\/p>\n<h2 style=\"text-align: center;\">AI to the rescue of unstructured data: turn chaos into treasure<\/h2>\n<p>Exquando helps you process your documents and plans with the support of AI in order to convert your unstructured data into valuable, actionable information.<\/p>\n<p>[\/et_pb_text][\/et_pb_column][et_pb_column type=&#8221;1_2&#8243; _builder_version=&#8221;4.27.4&#8243; _module_preset=&#8221;default&#8221; background_color=&#8221;#FFFFFF&#8221; custom_padding=&#8221;||3vw||false|false&#8221; border_radii=&#8221;on|3vw|3vw|3vw|3vw&#8221; global_colors_info=&#8221;{}&#8221;][\/et_pb_column][\/et_pb_row][\/et_pb_section]<\/p>\n","protected":false},"excerpt":{"rendered":"<p>Our methodologiesBehind all our methodologies lies a conviction: In a world where information is both incredibly valuable and a potential source of distraction, it is critical that we become conscious and intentional stewards of the information we create, consume, and share. It&#8217;s about understanding that information is more than just data; it&#8217;s a powerful force [&hellip;]<\/p>\n","protected":false},"author":2,"featured_media":0,"parent":0,"menu_order":0,"comment_status":"closed","ping_status":"closed","template":"","meta":{"_acf_changed":false,"_et_pb_use_builder":"on","_et_pb_old_content":"","_et_gb_content_width":"","inline_featured_image":false,"footnotes":""},"class_list":["post-5896","page","type-page","status-publish","hentry"],"acf":[],"yoast_head":"<!-- This site is optimized with the Yoast SEO plugin v27.5 - https:\/\/yoast.com\/product\/yoast-seo-wordpress\/ -->\n<title>Methodologies - Exquando<\/title>\n<meta name=\"robots\" content=\"index, follow, max-snippet:-1, max-image-preview:large, max-video-preview:-1\" \/>\n<link rel=\"canonical\" href=\"https:\/\/www.exquando.be\/en\/methodologies\/\" \/>\n<meta property=\"og:locale\" content=\"en_US\" \/>\n<meta property=\"og:type\" content=\"article\" \/>\n<meta property=\"og:title\" content=\"Methodologies - Exquando\" \/>\n<meta property=\"og:description\" content=\"Our methodologiesBehind all our methodologies lies a conviction: In a world where information is both incredibly valuable and a potential source of distraction, it is critical that we become conscious and intentional stewards of the information we create, consume, and share. It&#039;s about understanding that information is more than just data; it&#039;s a powerful force [&hellip;]\" \/>\n<meta property=\"og:url\" content=\"https:\/\/www.exquando.be\/en\/methodologies\/\" \/>\n<meta property=\"og:site_name\" content=\"Exquando\" \/>\n<meta property=\"article:modified_time\" content=\"2025-07-15T09:43:54+00:00\" \/>\n<meta property=\"og:image\" content=\"https:\/\/www.exquando.be\/wp-content\/uploads\/2025\/07\/exquando.jpg\" \/>\n\t<meta property=\"og:image:width\" content=\"1280\" \/>\n\t<meta property=\"og:image:height\" content=\"720\" \/>\n\t<meta property=\"og:image:type\" content=\"image\/jpeg\" \/>\n<meta name=\"twitter:card\" content=\"summary_large_image\" \/>\n<meta name=\"twitter:label1\" content=\"Est. reading time\" \/>\n\t<meta name=\"twitter:data1\" content=\"4 minutes\" \/>\n<script type=\"application\/ld+json\" class=\"yoast-schema-graph\">{\"@context\":\"https:\\\/\\\/schema.org\",\"@graph\":[{\"@type\":\"WebPage\",\"@id\":\"https:\\\/\\\/www.exquando.be\\\/en\\\/methodologies\\\/\",\"url\":\"https:\\\/\\\/www.exquando.be\\\/en\\\/methodologies\\\/\",\"name\":\"Methodologies - Exquando\",\"isPartOf\":{\"@id\":\"https:\\\/\\\/www.exquando.be\\\/en\\\/#website\"},\"datePublished\":\"2025-06-18T07:11:33+00:00\",\"dateModified\":\"2025-07-15T09:43:54+00:00\",\"breadcrumb\":{\"@id\":\"https:\\\/\\\/www.exquando.be\\\/en\\\/methodologies\\\/#breadcrumb\"},\"inLanguage\":\"en-US\",\"potentialAction\":[{\"@type\":\"ReadAction\",\"target\":[\"https:\\\/\\\/www.exquando.be\\\/en\\\/methodologies\\\/\"]}]},{\"@type\":\"BreadcrumbList\",\"@id\":\"https:\\\/\\\/www.exquando.be\\\/en\\\/methodologies\\\/#breadcrumb\",\"itemListElement\":[{\"@type\":\"ListItem\",\"position\":1,\"name\":\"Accueil\",\"item\":\"https:\\\/\\\/www.exquando.be\\\/en\\\/\"},{\"@type\":\"ListItem\",\"position\":2,\"name\":\"Methodologies\"}]},{\"@type\":\"WebSite\",\"@id\":\"https:\\\/\\\/www.exquando.be\\\/en\\\/#website\",\"url\":\"https:\\\/\\\/www.exquando.be\\\/en\\\/\",\"name\":\"Exquando\",\"description\":\"The infosystem agency\",\"publisher\":{\"@id\":\"https:\\\/\\\/www.exquando.be\\\/en\\\/#organization\"},\"potentialAction\":[{\"@type\":\"SearchAction\",\"target\":{\"@type\":\"EntryPoint\",\"urlTemplate\":\"https:\\\/\\\/www.exquando.be\\\/en\\\/?s={search_term_string}\"},\"query-input\":{\"@type\":\"PropertyValueSpecification\",\"valueRequired\":true,\"valueName\":\"search_term_string\"}}],\"inLanguage\":\"en-US\"},{\"@type\":\"Organization\",\"@id\":\"https:\\\/\\\/www.exquando.be\\\/en\\\/#organization\",\"name\":\"Exquando\",\"url\":\"https:\\\/\\\/www.exquando.be\\\/en\\\/\",\"logo\":{\"@type\":\"ImageObject\",\"inLanguage\":\"en-US\",\"@id\":\"https:\\\/\\\/www.exquando.be\\\/en\\\/#\\\/schema\\\/logo\\\/image\\\/\",\"url\":\"https:\\\/\\\/www.exquando.be\\\/wp-content\\\/uploads\\\/2025\\\/07\\\/exquando.jpg\",\"contentUrl\":\"https:\\\/\\\/www.exquando.be\\\/wp-content\\\/uploads\\\/2025\\\/07\\\/exquando.jpg\",\"width\":1280,\"height\":720,\"caption\":\"Exquando\"},\"image\":{\"@id\":\"https:\\\/\\\/www.exquando.be\\\/en\\\/#\\\/schema\\\/logo\\\/image\\\/\"},\"sameAs\":[\"https:\\\/\\\/www.linkedin.com\\\/company\\\/exquando-the-infosystem-agency\\\/\"]}]}<\/script>\n<!-- \/ Yoast SEO plugin. -->","yoast_head_json":{"title":"Methodologies - Exquando","robots":{"index":"index","follow":"follow","max-snippet":"max-snippet:-1","max-image-preview":"max-image-preview:large","max-video-preview":"max-video-preview:-1"},"canonical":"https:\/\/www.exquando.be\/en\/methodologies\/","og_locale":"en_US","og_type":"article","og_title":"Methodologies - Exquando","og_description":"Our methodologiesBehind all our methodologies lies a conviction: In a world where information is both incredibly valuable and a potential source of distraction, it is critical that we become conscious and intentional stewards of the information we create, consume, and share. It's about understanding that information is more than just data; it's a powerful force [&hellip;]","og_url":"https:\/\/www.exquando.be\/en\/methodologies\/","og_site_name":"Exquando","article_modified_time":"2025-07-15T09:43:54+00:00","og_image":[{"width":1280,"height":720,"url":"https:\/\/www.exquando.be\/wp-content\/uploads\/2025\/07\/exquando.jpg","type":"image\/jpeg"}],"twitter_card":"summary_large_image","twitter_misc":{"Est. reading time":"4 minutes"},"schema":{"@context":"https:\/\/schema.org","@graph":[{"@type":"WebPage","@id":"https:\/\/www.exquando.be\/en\/methodologies\/","url":"https:\/\/www.exquando.be\/en\/methodologies\/","name":"Methodologies - Exquando","isPartOf":{"@id":"https:\/\/www.exquando.be\/en\/#website"},"datePublished":"2025-06-18T07:11:33+00:00","dateModified":"2025-07-15T09:43:54+00:00","breadcrumb":{"@id":"https:\/\/www.exquando.be\/en\/methodologies\/#breadcrumb"},"inLanguage":"en-US","potentialAction":[{"@type":"ReadAction","target":["https:\/\/www.exquando.be\/en\/methodologies\/"]}]},{"@type":"BreadcrumbList","@id":"https:\/\/www.exquando.be\/en\/methodologies\/#breadcrumb","itemListElement":[{"@type":"ListItem","position":1,"name":"Accueil","item":"https:\/\/www.exquando.be\/en\/"},{"@type":"ListItem","position":2,"name":"Methodologies"}]},{"@type":"WebSite","@id":"https:\/\/www.exquando.be\/en\/#website","url":"https:\/\/www.exquando.be\/en\/","name":"Exquando","description":"The infosystem agency","publisher":{"@id":"https:\/\/www.exquando.be\/en\/#organization"},"potentialAction":[{"@type":"SearchAction","target":{"@type":"EntryPoint","urlTemplate":"https:\/\/www.exquando.be\/en\/?s={search_term_string}"},"query-input":{"@type":"PropertyValueSpecification","valueRequired":true,"valueName":"search_term_string"}}],"inLanguage":"en-US"},{"@type":"Organization","@id":"https:\/\/www.exquando.be\/en\/#organization","name":"Exquando","url":"https:\/\/www.exquando.be\/en\/","logo":{"@type":"ImageObject","inLanguage":"en-US","@id":"https:\/\/www.exquando.be\/en\/#\/schema\/logo\/image\/","url":"https:\/\/www.exquando.be\/wp-content\/uploads\/2025\/07\/exquando.jpg","contentUrl":"https:\/\/www.exquando.be\/wp-content\/uploads\/2025\/07\/exquando.jpg","width":1280,"height":720,"caption":"Exquando"},"image":{"@id":"https:\/\/www.exquando.be\/en\/#\/schema\/logo\/image\/"},"sameAs":["https:\/\/www.linkedin.com\/company\/exquando-the-infosystem-agency\/"]}]}},"_links":{"self":[{"href":"https:\/\/www.exquando.be\/en\/wp-json\/wp\/v2\/pages\/5896","targetHints":{"allow":["GET"]}}],"collection":[{"href":"https:\/\/www.exquando.be\/en\/wp-json\/wp\/v2\/pages"}],"about":[{"href":"https:\/\/www.exquando.be\/en\/wp-json\/wp\/v2\/types\/page"}],"author":[{"embeddable":true,"href":"https:\/\/www.exquando.be\/en\/wp-json\/wp\/v2\/users\/2"}],"replies":[{"embeddable":true,"href":"https:\/\/www.exquando.be\/en\/wp-json\/wp\/v2\/comments?post=5896"}],"version-history":[{"count":6,"href":"https:\/\/www.exquando.be\/en\/wp-json\/wp\/v2\/pages\/5896\/revisions"}],"predecessor-version":[{"id":6712,"href":"https:\/\/www.exquando.be\/en\/wp-json\/wp\/v2\/pages\/5896\/revisions\/6712"}],"wp:attachment":[{"href":"https:\/\/www.exquando.be\/en\/wp-json\/wp\/v2\/media?parent=5896"}],"curies":[{"name":"wp","href":"https:\/\/api.w.org\/{rel}","templated":true}]}}